{"id":1592,"date":"2023-03-13T21:57:57","date_gmt":"2023-03-13T20:57:57","guid":{"rendered":"https:\/\/www.amisdesjeuneschretiens.ovh\/?page_id=1592"},"modified":"2024-01-23T18:38:46","modified_gmt":"2024-01-23T17:38:46","slug":"les-gueniffets","status":"publish","type":"page","link":"https:\/\/www.amisdesjeuneschretiens.ovh\/index.php\/creez-votre-site-avec-des-blocs\/les-gueniffets\/","title":{"rendered":"Maison des demoiselles Guibert"},"content":{"rendered":"\t\t<div data-elementor-type=\"wp-page\" data-elementor-id=\"1592\" class=\"elementor elementor-1592\">\n\t\t\t\t\t\t<section class=\"elementor-section elementor-top-section elementor-element elementor-element-06528b3 elementor-section-full_width elementor-section-content-top elementor-section-stretched elementor-section-height-default elementor-section-height-default\" data-id=\"06528b3\" data-element_type=\"section\" data-e-type=\"section\" data-settings=\"{&quot;stretch_section&quot;:&quot;section-stretched&quot;,&quot;background_background&quot;:&quot;classic&quot;}\">\n\t\t\t\t\t\t\t<div class=\"elementor-background-overlay\"><\/div>\n\t\t\t\t\t\t\t<div class=\"elementor-container elementor-column-gap-default\">\n\t\t\t\t\t<div class=\"elementor-column elementor-col-100 elementor-top-column elementor-element elementor-element-1436b4b\" data-id=\"1436b4b\" data-element_type=\"column\" data-e-type=\"column\">\n\t\t\t<div class=\"elementor-widget-wrap elementor-element-populated\">\n\t\t\t\t\t\t<div class=\"elementor-element elementor-element-83042e7 elementor-widget elementor-widget-heading\" data-id=\"83042e7\" data-element_type=\"widget\" data-e-type=\"widget\" data-widget_type=\"heading.default\">\n\t\t\t\t<div class=\"elementor-widget-container\">\n\t\t\t\t\t<h2 class=\"elementor-heading-title elementor-size-xxl\">Maison des demoiselles Guibert<\/h2>\t\t\t\t<\/div>\n\t\t\t\t<\/div>\n\t\t\t\t\t<\/div>\n\t\t<\/div>\n\t\t\t\t\t<\/div>\n\t\t<\/section>\n\t\t\t\t<section class=\"elementor-section elementor-top-section elementor-element elementor-element-c126bb3 elementor-section-boxed elementor-section-height-default elementor-section-height-default\" data-id=\"c126bb3\" data-element_type=\"section\" data-e-type=\"section\">\n\t\t\t\t\t\t<div class=\"elementor-container elementor-column-gap-default\">\n\t\t\t\t\t<main class=\"elementor-column elementor-col-100 elementor-top-column elementor-element elementor-element-e5c019b\" data-id=\"e5c019b\" data-element_type=\"column\" data-e-type=\"column\">\n\t\t\t<div class=\"elementor-widget-wrap elementor-element-populated\">\n\t\t\t\t\t\t<div class=\"elementor-element elementor-element-25b7143 elementor-tabs-alignment-stretch elementor-tabs-view-horizontal elementor-widget elementor-widget-tabs\" data-id=\"25b7143\" data-element_type=\"widget\" data-e-type=\"widget\" data-widget_type=\"tabs.default\">\n\t\t\t\t<div class=\"elementor-widget-container\">\n\t\t\t\t\t\t\t<div class=\"elementor-tabs\">\n\t\t\t<div class=\"elementor-tabs-wrapper\" role=\"tablist\" >\n\t\t\t\t\t\t\t\t\t<div id=\"elementor-tab-title-3951\" class=\"elementor-tab-title elementor-tab-desktop-title\" aria-selected=\"true\" data-tab=\"1\" role=\"tab\" tabindex=\"0\" aria-controls=\"elementor-tab-content-3951\" aria-expanded=\"false\">Pr\u00e9sentation de la maison<\/div>\n\t\t\t\t\t\t\t\t\t<div id=\"elementor-tab-title-3952\" class=\"elementor-tab-title elementor-tab-desktop-title\" aria-selected=\"false\" data-tab=\"2\" role=\"tab\" tabindex=\"-1\" aria-controls=\"elementor-tab-content-3952\" aria-expanded=\"false\">Les demoiselles Guibert<\/div>\n\t\t\t\t\t\t\t\t\t<div id=\"elementor-tab-title-3953\" class=\"elementor-tab-title elementor-tab-desktop-title\" aria-selected=\"false\" data-tab=\"3\" role=\"tab\" tabindex=\"-1\" aria-controls=\"elementor-tab-content-3953\" aria-expanded=\"false\">Les r\u00e9novations<\/div>\n\t\t\t\t\t\t\t<\/div>\n\t\t\t<div class=\"elementor-tabs-content-wrapper\" role=\"tablist\" aria-orientation=\"vertical\">\n\t\t\t\t\t\t\t\t\t<div class=\"elementor-tab-title elementor-tab-mobile-title\" aria-selected=\"true\" data-tab=\"1\" role=\"tab\" tabindex=\"0\" aria-controls=\"elementor-tab-content-3951\" aria-expanded=\"false\">Pr\u00e9sentation de la maison<\/div>\n\t\t\t\t\t<div id=\"elementor-tab-content-3951\" class=\"elementor-tab-content elementor-clearfix\" data-tab=\"1\" role=\"tabpanel\" aria-labelledby=\"elementor-tab-title-3951\" tabindex=\"0\" hidden=\"false\"><h2>Pr\u00e9sentation de la maison<\/h2><p>Situ\u00e9 en plein cour du Morvan, ce lieu fonctionne selon les principes de l&rsquo;Evangile, d&rsquo;une communaut\u00e9 fraternelle et toujours ouverte, o\u00f9 chacun vient librement et pour le temps qu&rsquo;il veut, mais o\u00f9 tous se conforment \u00e0 une \u00ab\u00a0r\u00e8gle de vie\u00a0\u00bb clairement \u00e9nonc\u00e9e au d\u00e9part.<\/p><p>La triple vocation de la maison correspond \u00e0 trois des centres d&rsquo;int\u00e9r\u00eats fondamentaux de la vie des jeunes.<\/p><h4>Travail intellectuel<\/h4><h2><img fetchpriority=\"high\" decoding=\"async\" class=\"size-medium wp-image-1793 alignright\" src=\"https:\/\/www.amisdesjeuneschretiens.ovh\/wp-content\/uploads\/2023\/03\/dimanchedePaques-43-300x200.jpg\" alt=\"\" width=\"300\" height=\"200\" srcset=\"https:\/\/www.amisdesjeuneschretiens.ovh\/wp-content\/uploads\/2023\/03\/dimanchedePaques-43-300x200.jpg 300w, https:\/\/www.amisdesjeuneschretiens.ovh\/wp-content\/uploads\/2023\/03\/dimanchedePaques-43-1024x683.jpg 1024w, https:\/\/www.amisdesjeuneschretiens.ovh\/wp-content\/uploads\/2023\/03\/dimanchedePaques-43-768x512.jpg 768w, https:\/\/www.amisdesjeuneschretiens.ovh\/wp-content\/uploads\/2023\/03\/dimanchedePaques-43-1536x1024.jpg 1536w, https:\/\/www.amisdesjeuneschretiens.ovh\/wp-content\/uploads\/2023\/03\/dimanchedePaques-43-2048x1365.jpg 2048w\" sizes=\"(max-width: 300px) 100vw, 300px\" \/><\/h2><p>Premi\u00e8re vocation de la maison : le silence environnant. Le calme de la maison et la biblioth\u00e8que sont autant d&rsquo;\u00e9l\u00e9ments susceptibles d&rsquo;aider les \u00e9tudiants en p\u00e9riode de r\u00e9vision d&rsquo;examen ou de mise \u00e0 niveau des \u00e9tudes. Vie commune et pri\u00e8re quotidiennes assurant le support int\u00e9rieur n\u00e9cessaire.<\/p><h4>Loisirs<\/h4><p>Deuxi\u00e8me vocation de ce lieu, les loisirs consituent un point important dans le d\u00e9veloppement de la jeunesse. Heureusement, les activit\u00e9s sont ici nombreuses autour du plan d&rsquo;eau et du Village-Vacances (voile, \u00e9quitation, tennis), et elles se compl\u00e8tent par les randonn\u00e9es. Aux alentours sites exceptionnels et hauts-lie<\/p><p>ux renomm\u00e9s: V\u00e9zelay, Semur, Grottes d&rsquo;Arcy, Al\u00e9sia, Fontenay, Cluny, Auxerre, Dijon, Saulieu \u2026<\/p><h4>Vie spirituelle<\/h4><h2><img decoding=\"async\" class=\"size-medium wp-image-1792 alignleft\" src=\"https:\/\/www.amisdesjeuneschretiens.ovh\/wp-content\/uploads\/2023\/03\/dimanchedePaques-6-300x200.jpg\" alt=\"\" width=\"300\" height=\"200\" srcset=\"https:\/\/www.amisdesjeuneschretiens.ovh\/wp-content\/uploads\/2023\/03\/dimanchedePaques-6-300x200.jpg 300w, https:\/\/www.amisdesjeuneschretiens.ovh\/wp-content\/uploads\/2023\/03\/dimanchedePaques-6-1024x683.jpg 1024w, https:\/\/www.amisdesjeuneschretiens.ovh\/wp-content\/uploads\/2023\/03\/dimanchedePaques-6-768x512.jpg 768w, https:\/\/www.amisdesjeuneschretiens.ovh\/wp-content\/uploads\/2023\/03\/dimanchedePaques-6-1536x1024.jpg 1536w, https:\/\/www.amisdesjeuneschretiens.ovh\/wp-content\/uploads\/2023\/03\/dimanchedePaques-6-2048x1365.jpg 2048w\" sizes=\"(max-width: 300px) 100vw, 300px\" \/><\/h2><p>Clef de vo\u00fbte dans le d\u00e9veloppement de la jeunesse, la vie spirituelle constitue et elle aussi pleinement repr\u00e9sent\u00e9 en ces murs. Lieu privil\u00e9gi\u00e9 de retraite par dessus tout, tant par la disposition m\u00eame des lieux que par la proximit\u00e9 de l&rsquo;Abbaye de la PIERRE-QUI-VIRE implant\u00e9e par le P\u00e8re J-B MUARD en 185O pour y mener une vie \u00ab\u00a0humble, pauvre et mortifi\u00e9e\u00a0\u00bb, et y pr\u00eacher la conversion du coeur et la recherche de Dieu.<\/p><p>\u00a0<\/p><p>\u00a0<\/p><\/div>\n\t\t\t\t\t\t\t\t\t<div class=\"elementor-tab-title elementor-tab-mobile-title\" aria-selected=\"false\" data-tab=\"2\" role=\"tab\" tabindex=\"-1\" aria-controls=\"elementor-tab-content-3952\" aria-expanded=\"false\">Les demoiselles Guibert<\/div>\n\t\t\t\t\t<div id=\"elementor-tab-content-3952\" class=\"elementor-tab-content elementor-clearfix\" data-tab=\"2\" role=\"tabpanel\" aria-labelledby=\"elementor-tab-title-3952\" tabindex=\"0\" hidden=\"hidden\"><p class=\"has-medium-font-size\">Suzanne et Andr\u00e9e GUIBERT, deux soeurs, n\u00e9es en 1898 et en 1902 \u00e0 Paris, d\u2019une famille demeurant aux GUENIFFETS d\u00e9j\u00e0 au XVIII\u00b0si\u00e8cle. Le premier acte notari\u00e9 encore en notre possession du 18 mai 1806 fait \u00e9tat de Jacques GUIBERT, mari\u00e9 \u00e0 Magdelaine GUENIFFET, laboureur, propri\u00e9taire au hameau des Gu\u00e9niffets.<\/p><p class=\"has-medium-font-size\">Petites filles, Suzanne et Andr\u00e9e feront de la balan\u00e7oire au deuxi\u00e8me \u00e9tage de la Tour Eiffel. Elles courront<\/p><p><img decoding=\"async\" class=\"size-medium wp-image-1581 alignright\" src=\"https:\/\/www.amisdesjeuneschretiens.ovh\/wp-content\/uploads\/2023\/03\/MlleGuibert-1-300x158.png\" alt=\"\" width=\"300\" height=\"158\" srcset=\"https:\/\/www.amisdesjeuneschretiens.ovh\/wp-content\/uploads\/2023\/03\/MlleGuibert-1-300x158.png 300w, https:\/\/www.amisdesjeuneschretiens.ovh\/wp-content\/uploads\/2023\/03\/MlleGuibert-1-350x186.png 350w, https:\/\/www.amisdesjeuneschretiens.ovh\/wp-content\/uploads\/2023\/03\/MlleGuibert-1.png 353w\" sizes=\"(max-width: 300px) 100vw, 300px\" \/><\/p><p class=\"has-medium-font-size\">\u00a0aussi apr\u00e8s les lapins du Champ de Mars. Elles demeurent en effet dans un des premiers immeubles de l\u2019Avenue de Suffren et se souviendront que leur p\u00e8re, Claude GUIBERT, revenant du travail, descendait cette avenue en plein centre de la chauss\u00e9e en lisant son journal !<\/p><p class=\"has-medium-font-size\">Apr\u00e8s avoir fait brillamment leurs \u00e9tudes \u00e0 l\u2019Ecole Normale d\u2019Institutrices Edgard Quinet, elles consacreront leur vie aux enfants et aux \u00e9tudiants. Institutrices d\u00e8s 1922 rue Camou et Place Cardinal Amette, elles deviendront profes- seurs d\u2019un Coll\u00e8ge d\u2019Enseignement Commercial et \u00e0 l\u2019Alliance Fran\u00e7aise jusqu\u2019\u00e0 leur retraite.<\/p><p class=\"has-medium-font-size\">Suzanne en ses temps libres \u00e9crivait des po\u00e8mes et des contes, Andr\u00e9e dessinait au fusain ou \u00e0 l\u2019aquarelle. Quelques esquisses et compositions ornent les murs de la maison.<\/p><p class=\"has-medium-font-size\">Si d\u00e9j\u00e0 en 14-18, avec leur m\u00e8re, elles trico- taient des v\u00eatements de laine pour les jeunes soldats au front, pendant la guerre de 39-45 elles sauveront beaucoup d\u2019enfants promis \u00e0 la d\u00e9portation, procurant identit\u00e9s nouvelles et abri s\u00fbr. Qui n\u2019a entendu parl\u00e9 de la \u00ab\u00a0petite Doris\u00a0\u00bb et de tant d\u2019autres ?<\/p><p class=\"has-medium-font-size\">Par leur proximit\u00e9 de l\u2019Abbaye de la Pierre- Qui-Vire, elles lieront avec les fr\u00e8res du Monast\u00e8re des liens amicaux, suivis et solides. Le P\u00e8re-Abb\u00e9 Fulbert, les P\u00e8res Ambroise, Donatien, Marianus, Romain, Anselme ou Ghislain feront souvent halte chez elles, aussi bien aux Gu\u00e9niffets qu\u2019Avenue de Suffren \u00e0 Paris. Au retour des moines d\u00e8s 1922 (expuls\u00e9s depuis 1905) elles leur donneront une part de leurs biens et des produits du jardin. Elles aideront grandement la fondation du Viet-Nam avec le R.P. Romain. Seul un accident de sant\u00e9 de derni\u00e8re minute emp\u00eachera Suzanne de partir enseigner b\u00e9n\u00e9volement \u00e0 Thien-An .<\/p><p class=\"has-medium-font-size\">Elles verront \u00e0 Paris la construction de l\u2019\u00e9glise Saint-L\u00e9on en 1924, et manifesteront \u00e0 son fondateur, le Chanoine MAURY, un d\u00e9vouement constant. Elles seront sensibles au renouveau des Oeuvres de Jeunesse dans les ann\u00e9es 80 dans cette paroisse et une amiti\u00e9 va na\u00eetre entre elles et le directeur des Oeuvres d\u2019alors. Elles chercheront sans cesse \u00e0 l\u2019aider dans la discr\u00e9tion.<\/p><p class=\"has-medium-font-size\">Andr\u00e9e meurt le 19 mars 1986 apr\u00e8s une vie religieuse fervente et fid\u00e8le -elle \u00e9tait oblate de la Pierre-Qui-Vire depuis 1932-. Son d\u00e9part sera une grande perte pour Suzanne, aveugle, qui alors d\u00e9couvrira une lumi\u00e8re plus grande encore que celle du soleil : celle de la foi en Dieu. Elle l\u2019avait tenue cach\u00e9e, disons \u00ab\u00a0perdue\u00a0\u00bb depuis son adolescence. Elle communiera le 4 mai 1986 pour la premi\u00e8re fois depuis sa premi\u00e8re communion en l\u2019\u00e9glise du Gros-Cailloux le\u2026 4 mai 1911 c\u2019est-\u00e0-dire 75 ans apr\u00e8s\u2026jour pour jour! Une conversion au seuil de la mystique, consign\u00e9e par mille feuilles \u00e9crites sans qu\u2019elle puisse les relire. Jusqu\u2019\u00e0 la veille de sa mort, on retrouve dans ces \u00e9crits sa gaiet\u00e9 et son humour malicieux .<\/p><p class=\"has-medium-font-size\">C\u2019est au cours de ces trois ann\u00e9es de solitude qu\u2019elle r\u00e9fl\u00e9chira aussi \u00e0 sa succession et d\u00e9sirera que tous ses biens servent \u00e0 l\u2019apostolat aupr\u00e8s des jeunes. Elle fera pratiquement donation de sa maison des Gu\u00e9niffets au mois d\u2019avril 1989 \u00e0 l\u2019Association des \u00ab\u00a0AMIS DES JEUNES CHRETIENS\u00a0\u00bb dont elle \u00e9tait bienfaitrice depuis sa fondation. Elle se d\u00e9solait encore de ne pouvoir assurer le financement des travaux qu\u2019elle savait n\u00e9cessaires pour la rendre utilisable \u00e0 tous. La Maison des Gu\u00e9niffets portera d\u00e9sormais son nom et celui d\u2019Andr\u00e9e.<\/p><p class=\"has-medium-font-size\">Elle le savait, tout en trouvant \u00e9trange le nom de \u00ab\u00a0MAISON DES DEMOISELLES GUIBERT\u00a0\u00bb que l\u2019on vouliat lui donner !<\/p><p class=\"has-medium-font-size\">Une ronde de petites Jeannettes de sa paroisse campait dans le jardin des Gu\u00e9niffets quand Suzanne, le 7 juillet 1989, aid\u00e9e jusqu\u2019\u00e0 la\u00a0fin par ses fid\u00e8les amies Josefa Lage et Gaby Hoste, quittera ce monde pour le Royaume de Dieu.<\/p><\/div>\n\t\t\t\t\t\t\t\t\t<div class=\"elementor-tab-title elementor-tab-mobile-title\" aria-selected=\"false\" data-tab=\"3\" role=\"tab\" tabindex=\"-1\" aria-controls=\"elementor-tab-content-3953\" aria-expanded=\"false\">Les r\u00e9novations<\/div>\n\t\t\t\t\t<div id=\"elementor-tab-content-3953\" class=\"elementor-tab-content elementor-clearfix\" data-tab=\"3\" role=\"tabpanel\" aria-labelledby=\"elementor-tab-title-3953\" tabindex=\"0\" hidden=\"hidden\"><h2>R\u00e9novation de la maison<\/h2><p class=\"has-medium-font-size\">Gr\u00e2ce, avant tout, \u00e0 la foi de notre entourage.<\/p><p class=\"has-medium-font-size\">Gr\u00e2ce \u00e0 la confiance de tous nos amis et \u00e0 bienveillance de tous nos voisins.<\/p><p class=\"has-medium-font-size\">Gr\u00e2ce \u00e0 la compr\u00e9hension et au m\u00e9c\u00e9nat partiel ou total de nombreuses soci\u00e9t\u00e9s (Legrand, Pinault-Auvergne, Carrefour, Bollor\u00e9, Pinton, Lassus-Cimentol, Russiot-Prisma, Lits Wifor, Conceptor, La Chaillotine, Maison Debeausse, Desautel, Monneret-Jouets, Home-Service, Compagnie Europ\u00e9enne Electro-Thermique Sauter, Cables d\u2019Autun, Notaires Associ\u00e9s Av. Rapp.)<\/p><p>\u00a0<\/p><p class=\"has-medium-font-size\">Gr\u00e2ce \u00e0 la qualit\u00e9 de nos architectes : Marc Stym-Popper pour les projets de r\u00e9novation, Vincent Dufour pour l\u2019\u00e9laboration des plans, du permis de construire et le suivi du chantier.<\/p><p>\u00a0<\/p><p class=\"has-medium-font-size\">Gr\u00e2ce \u00e0 la comp\u00e9tence et \u00e0 l\u2019ouvrage soign\u00e9 des entreprises locales: M. F\u00e9ger et la Morvandelle du B\u00e2timent, P. Vantrou, E.Louzas, J. Walle, C. Gacon, Marbrerie Bravin, A. Savry.<\/p><p>\u00a0<\/p><p class=\"has-medium-font-size\">Gr\u00e2ce au travail de beaucoup dont de nombreux jeunes: Pon\u00e7age, peinture, couture, comptabilit\u00e9, recherche de financement et gestion financi\u00e8re.<\/p><p>\u00a0<\/p><figure class=\"wp-block-image alignleft size-full is-resized\"><img loading=\"lazy\" decoding=\"async\" class=\"wp-image-1543\" src=\"https:\/\/www.amisdesjeuneschretiens.ovh\/wp-content\/uploads\/2023\/03\/lettreCardinal-1.png\" alt=\"\" width=\"536\" height=\"471\" \/><\/figure><p>\u00a0<\/p><p class=\"has-medium-font-size\">Gr\u00e2ce \u00e0 l\u2019essentiel de l\u2019ameublement et des installations int\u00e9rieures qui nous a \u00e9t\u00e9 offert\u2026et le transport de tout ce mat\u00e9riel.<\/p><p class=\"has-medium-font-size\">Gr\u00e2ce aux envois gracieux de livres qui nous ont permis de constituer notre biblioth\u00e8que (France-loisirs, Letouzey &amp; An\u00e9, Ed. Atlas, J\u2019ai Lu, DDB, Cerf, L. Salem, Religieuses de l\u2019Hopital du Perp\u00e9tuel Secours de Levallois, B\u00e9n\u00e9dictines de Caen, de Solesmes, Abbaye de Saint-Wandrille, Ecole des Francs-Bourgeois)<\/p><p class=\"has-medium-font-size\">Gr\u00e2ce enfin \u00e0 la g\u00e9n\u00e9rosit\u00e9 remarquable de TOUS nos nombreux donateurs.<\/p><p class=\"has-medium-font-size\">Gr\u00e2ce \u00e0 vous<\/p><\/div>\n\t\t\t\t\t\t\t<\/div>\n\t\t<\/div>\n\t\t\t\t\t\t<\/div>\n\t\t\t\t<\/div>\n\t\t\t\t<div class=\"elementor-element elementor-element-e79869b elementor-widget elementor-widget-video\" data-id=\"e79869b\" data-element_type=\"widget\" data-e-type=\"widget\" data-settings=\"{&quot;youtube_url&quot;:&quot;https:\\\/\\\/youtu.be\\\/M9z8H1aUYPw?si=6TLhk5ErnC3OUvnL&quot;,&quot;lazy_load&quot;:&quot;yes&quot;,&quot;video_type&quot;:&quot;youtube&quot;,&quot;controls&quot;:&quot;yes&quot;}\" data-widget_type=\"video.default\">\n\t\t\t\t<div class=\"elementor-widget-container\">\n\t\t\t\t\t\t\t<div class=\"elementor-wrapper elementor-open-inline\">\n\t\t\t<div class=\"elementor-video\"><\/div>\t\t<\/div>\n\t\t\t\t\t\t<\/div>\n\t\t\t\t<\/div>\n\t\t\t\t\t<\/div>\n\t\t<\/main>\n\t\t\t\t\t<\/div>\n\t\t<\/section>\n\t\t\t\t<section class=\"elementor-section elementor-top-section elementor-element elementor-element-f398502 elementor-section-boxed elementor-section-height-default elementor-section-height-default\" data-id=\"f398502\" data-element_type=\"section\" data-e-type=\"section\">\n\t\t\t\t\t\t<div class=\"elementor-container elementor-column-gap-default\">\n\t\t\t\t\t<div class=\"elementor-column elementor-col-50 elementor-top-column elementor-element elementor-element-7736106\" data-id=\"7736106\" data-element_type=\"column\" data-e-type=\"column\">\n\t\t\t<div class=\"elementor-widget-wrap elementor-element-populated\">\n\t\t\t\t\t\t<div class=\"elementor-element elementor-element-2c0c0bf elementor-align-center elementor-widget elementor-widget-button\" data-id=\"2c0c0bf\" data-element_type=\"widget\" data-e-type=\"widget\" data-widget_type=\"button.default\">\n\t\t\t\t<div class=\"elementor-widget-container\">\n\t\t\t\t\t\t\t\t\t<div class=\"elementor-button-wrapper\">\n\t\t\t\t\t<a class=\"elementor-button elementor-button-link elementor-size-sm\" href=\"https:\/\/www.amisdesjeuneschretiens.ovh\/index.php\/les-maisons-de-ladjc\/\">\n\t\t\t\t\t\t<span class=\"elementor-button-content-wrapper\">\n\t\t\t\t\t\t\t\t\t<span class=\"elementor-button-text\">Retour vers la page des maisons<\/span>\n\t\t\t\t\t<\/span>\n\t\t\t\t\t<\/a>\n\t\t\t\t<\/div>\n\t\t\t\t\t\t\t\t<\/div>\n\t\t\t\t<\/div>\n\t\t\t\t\t<\/div>\n\t\t<\/div>\n\t\t\t\t<div class=\"elementor-column elementor-col-50 elementor-top-column elementor-element elementor-element-02d0437\" data-id=\"02d0437\" data-element_type=\"column\" data-e-type=\"column\">\n\t\t\t<div class=\"elementor-widget-wrap elementor-element-populated\">\n\t\t\t\t\t\t<div class=\"elementor-element elementor-element-b9f4c85 elementor-align-center elementor-widget elementor-widget-button\" data-id=\"b9f4c85\" data-element_type=\"widget\" data-e-type=\"widget\" data-widget_type=\"button.default\">\n\t\t\t\t<div class=\"elementor-widget-container\">\n\t\t\t\t\t\t\t\t\t<div class=\"elementor-button-wrapper\">\n\t\t\t\t\t<a class=\"elementor-button elementor-button-link elementor-size-sm\" href=\"https:\/\/www.amisdesjeuneschretiens.ovh\/index.php\/2023\/03\/17\/notre-dame-du-christomet\">\n\t\t\t\t\t\t<span class=\"elementor-button-content-wrapper\">\n\t\t\t\t\t\t\t\t\t<span class=\"elementor-button-text\">Notre-Dame du Christomet<\/span>\n\t\t\t\t\t<\/span>\n\t\t\t\t\t<\/a>\n\t\t\t\t<\/div>\n\t\t\t\t\t\t\t\t<\/div>\n\t\t\t\t<\/div>\n\t\t\t\t\t<\/div>\n\t\t<\/div>\n\t\t\t\t\t<\/div>\n\t\t<\/section>\n\t\t\t\t<\/div>\n\t\t","protected":false},"excerpt":{"rendered":"<p>Situ\u00e9 en plein cour du Morvan, ce lieu fonctionne selon les principes de l&rsquo;Evangile, d&rsquo;une communaut\u00e9 fraternelle et toujours ouverte, o\u00f9 chacun vient librement et pour le temps qu&rsquo;il veut, mais o\u00f9 tous se conforment \u00e0 une \u00ab\u00a0r\u00e8gle de vie\u00a0\u00bb clairement \u00e9nonc\u00e9e au d\u00e9part.<\/p>\n<p>La triple vocation de la maison correspond \u00e0 trois des centres d&rsquo;int\u00e9r\u00eats fondamentaux de la vie des jeunes.<\/p>\n<p>TRAVAIL INTELLECTUEL :<\/p>\n<p>Premi\u00e8re vocation de la maison : le silence environnant. Le calme de la maison et la biblioth\u00e8que sont autant d&rsquo;\u00e9l\u00e9ments susceptibles d&rsquo;aider les \u00e9tudiants en p\u00e9riode de r\u00e9vision d&rsquo;examen ou de mi<br \/>\nse \u00e0 niveau des \u00e9tudes. Vie commune et pri\u00e8re quotidiennes assurant le support int\u00e9rieur n\u00e9cessaire.<\/p>\n<p>LOISIRS :<\/p>\n<p>Deuxi\u00e8me vocation de ce lieu, les loisirs consituent un point important dans le d\u00e9veloppement de la jeunesse. Heureusement, les activit\u00e9s sont ici nombreuses autour du plan d&rsquo;eau et du Village-Vacances (voile, \u00e9quitation, tennis), et elles se compl\u00e8tent par les randonn\u00e9es. Aux alentours sites exceptionnels et hauts-lie<\/p>\n<p>ux renomm\u00e9s: V\u00e9zelay, Semur, Grottes d&rsquo;Arcy, Al\u00e9sia, Fontenay, Cluny, Auxerre, Dijon, Saulieu \u2026<\/p>\n<p>VIE SPIRITUELLE :<\/p>\n<p>Clef de vo\u00fbte dans le d\u00e9veloppement de la jeunesse, la vie spirituelle constitue et elle aussi pleinement repr\u00e9sent\u00e9 en ces murs. Lieu privil\u00e9gi\u00e9 de retraite par dessus tout, tant par la disposition m\u00eame des lieux que par la proximit\u00e9 de l&rsquo;Abbaye de la PIERRE-QUI-VIRE implant\u00e9e par le P\u00e8re J-B MUARD en 185O pour y mener une vie \u00ab\u00a0humble, pauvre et mortifi\u00e9e\u00a0\u00bb, et y pr\u00eacher la conversion du coeur et la recherche de Dieu.<\/p>\n","protected":false},"author":2,"featured_media":1559,"parent":16,"menu_order":0,"comment_status":"closed","ping_status":"closed","template":"elementor_header_footer","meta":{"footnotes":""},"folder":[157],"class_list":["post-1592","page","type-page","status-publish","has-post-thumbnail","hentry"],"jetpack_sharing_enabled":true,"_links":{"self":[{"href":"https:\/\/www.amisdesjeuneschretiens.ovh\/index.php\/wp-json\/wp\/v2\/pages\/1592","targetHints":{"allow":["GET"]}}],"collection":[{"href":"https:\/\/www.amisdesjeuneschretiens.ovh\/index.php\/wp-json\/wp\/v2\/pages"}],"about":[{"href":"https:\/\/www.amisdesjeuneschretiens.ovh\/index.php\/wp-json\/wp\/v2\/types\/page"}],"author":[{"embeddable":true,"href":"https:\/\/www.amisdesjeuneschretiens.ovh\/index.php\/wp-json\/wp\/v2\/users\/2"}],"replies":[{"embeddable":true,"href":"https:\/\/www.amisdesjeuneschretiens.ovh\/index.php\/wp-json\/wp\/v2\/comments?post=1592"}],"version-history":[{"count":76,"href":"https:\/\/www.amisdesjeuneschretiens.ovh\/index.php\/wp-json\/wp\/v2\/pages\/1592\/revisions"}],"predecessor-version":[{"id":3055,"href":"https:\/\/www.amisdesjeuneschretiens.ovh\/index.php\/wp-json\/wp\/v2\/pages\/1592\/revisions\/3055"}],"up":[{"embeddable":true,"href":"https:\/\/www.amisdesjeuneschretiens.ovh\/index.php\/wp-json\/wp\/v2\/pages\/16"}],"wp:featuredmedia":[{"embeddable":true,"href":"https:\/\/www.amisdesjeuneschretiens.ovh\/index.php\/wp-json\/wp\/v2\/media\/1559"}],"wp:attachment":[{"href":"https:\/\/www.amisdesjeuneschretiens.ovh\/index.php\/wp-json\/wp\/v2\/media?parent=1592"}],"wp:term":[{"taxonomy":"folder","embeddable":true,"href":"https:\/\/www.amisdesjeuneschretiens.ovh\/index.php\/wp-json\/wp\/v2\/folder?post=1592"}],"curies":[{"name":"wp","href":"https:\/\/api.w.org\/{rel}","templated":true}]}}