{"id":1677,"date":"2023-03-17T09:14:13","date_gmt":"2023-03-17T08:14:13","guid":{"rendered":"https:\/\/www.amisdesjeuneschretiens.ovh\/?page_id=1677"},"modified":"2023-03-18T20:46:43","modified_gmt":"2023-03-18T19:46:43","slug":"notre-dame-du-christomet","status":"publish","type":"page","link":"https:\/\/www.amisdesjeuneschretiens.ovh\/index.php\/notre-dame-du-christomet\/","title":{"rendered":"Notre-Dame du Christomet"},"content":{"rendered":"\t\t<div data-elementor-type=\"wp-page\" data-elementor-id=\"1677\" class=\"elementor elementor-1677\">\n\t\t\t\t\t\t<section class=\"elementor-section elementor-top-section elementor-element elementor-element-5210ce7 elementor-section-full_width elementor-section-content-middle elementor-section-stretched elementor-section-height-default elementor-section-height-default\" data-id=\"5210ce7\" data-element_type=\"section\" data-e-type=\"section\" data-settings=\"{&quot;stretch_section&quot;:&quot;section-stretched&quot;}\">\n\t\t\t\t\t\t\t<div class=\"elementor-background-overlay\"><\/div>\n\t\t\t\t\t\t\t<div class=\"elementor-container elementor-column-gap-no\">\n\t\t\t\t\t<div class=\"elementor-column elementor-col-100 elementor-top-column elementor-element elementor-element-fcec4f5\" data-id=\"fcec4f5\" data-element_type=\"column\" data-e-type=\"column\">\n\t\t\t<div class=\"elementor-widget-wrap elementor-element-populated\">\n\t\t\t\t\t\t<div class=\"elementor-element elementor-element-656c2b6 elementor-widget elementor-widget-heading\" data-id=\"656c2b6\" data-element_type=\"widget\" data-e-type=\"widget\" data-widget_type=\"heading.default\">\n\t\t\t\t<div class=\"elementor-widget-container\">\n\t\t\t\t\t<h2 class=\"elementor-heading-title elementor-size-default\">Notre-Dame du Christomet<\/h2>\t\t\t\t<\/div>\n\t\t\t\t<\/div>\n\t\t\t\t\t<\/div>\n\t\t<\/div>\n\t\t\t\t\t<\/div>\n\t\t<\/section>\n\t\t\t\t<section class=\"elementor-section elementor-top-section elementor-element elementor-element-45ba74c elementor-section-boxed elementor-section-height-default elementor-section-height-default\" data-id=\"45ba74c\" data-element_type=\"section\" data-e-type=\"section\">\n\t\t\t\t\t\t<div class=\"elementor-container elementor-column-gap-default\">\n\t\t\t\t\t<div class=\"elementor-column elementor-col-100 elementor-top-column elementor-element elementor-element-8638d39\" data-id=\"8638d39\" data-element_type=\"column\" data-e-type=\"column\">\n\t\t\t<div class=\"elementor-widget-wrap elementor-element-populated\">\n\t\t\t\t\t\t<div class=\"elementor-element elementor-element-280c38e elementor-widget elementor-widget-zeus-tabs\" data-id=\"280c38e\" data-element_type=\"widget\" data-e-type=\"widget\" data-widget_type=\"zeus-tabs.default\">\n\t\t\t\t<div class=\"elementor-widget-container\">\n\t\t\t\t\t\n\t\t<div class=\"zeus-tabs zeus-tabs-top\">\n\t\t\t<div class=\"zeus-tabs-wrap zeus-tabs-normal zeus-tabs-justify\">\n\t\t\t\t\n\t\t\t\t\t<div id=\"zeus-tab-title-4191\" class=\"zeus-tab-title \" data-tab=\"1\" tabindex=\"4191\" role=\"tab\" aria-controls=\"zeus-tab-content-4191\">\n\t\t\t\t\t\t\t\t\t\t\t\t\t<span class=\"zeus-icon-align-left\">\n\t\t\t\t\t\t\t\t<i aria-hidden=\"true\" class=\"\"><\/i>\t\t\t\t\t\t\t<\/span>\n\t\t\t\t\t\t\tPr\u00e9sentation\t\t\t\t\t<\/div>\n\t\t\t\t\t\n\t\t\t\t\t<div id=\"zeus-tab-title-4192\" class=\"zeus-tab-title \" data-tab=\"2\" tabindex=\"4192\" role=\"tab\" aria-controls=\"zeus-tab-content-4192\">\n\t\t\t\t\t\t\t\t\t\t\t\t\t<span class=\"zeus-icon-align-left\">\n\t\t\t\t\t\t\t\t<i aria-hidden=\"true\" class=\"\"><\/i>\t\t\t\t\t\t\t<\/span>\n\t\t\t\t\t\t\tB\u00e9n\u00e9diction de la chapelle\t\t\t\t\t<\/div>\n\t\t\t\t\t\n\t\t\t\t\t<div id=\"zeus-tab-title-4193\" class=\"zeus-tab-title \" data-tab=\"3\" tabindex=\"4193\" role=\"tab\" aria-controls=\"zeus-tab-content-4193\">\n\t\t\t\t\t\t\t\t\t\t\t\t\t<span class=\"zeus-icon-align-left\">\n\t\t\t\t\t\t\t\t<i aria-hidden=\"true\" class=\"\"><\/i>\t\t\t\t\t\t\t<\/span>\n\t\t\t\t\t\t\tB\u00e9n\u00e9diction de la cloche\t\t\t\t\t<\/div>\n\t\t\t\t\t\t\t\t<\/div>\n\n\t\t\t<div class=\"zeus-tabs-content-wrap\">\n\t\t\t\t\n\t\t\t\t\t<div class=\"zeus-tab-title zeus-tab-mobile-title \" tabindex=\"4191\" data-tab=\"1\" role=\"tab\">\n\t\t\t\t\t\t\t\t\t\t\t\t\t<span class=\"zeus-icon-align-left\">\n\t\t\t\t\t\t\t\t<i aria-hidden=\"true\" class=\"\"><\/i>\t\t\t\t\t\t\t<\/span>\n\t\t\t\t\t\t\tPr\u00e9sentation\t\t\t\t\t<\/div>\n\n\t\t\t\t\t<div id=\"zeus-tab-content-1\" class=\"zeus-tab-content \" role=\"tabpanel\" aria-labelledby=\"zeus-tab-title-4191\">\n\t\t\t\t\t\t<h2>Pr\u00e9sentation de la maison\u00a0<\/h2><p>Achet\u00e9 en 1992, alors que nous le louions depuis 1987, c\u2019est seulement le 12 d\u00e9cembre 1997 q<img fetchpriority=\"high\" decoding=\"async\" class=\"size-medium wp-image-1679 alignright\" src=\"https:\/\/www.amisdesjeuneschretiens.ovh\/wp-content\/uploads\/2023\/03\/ndChristomet-300x169.png\" alt=\"\" width=\"300\" height=\"169\" srcset=\"https:\/\/www.amisdesjeuneschretiens.ovh\/wp-content\/uploads\/2023\/03\/ndChristomet-300x169.png 300w, https:\/\/www.amisdesjeuneschretiens.ovh\/wp-content\/uploads\/2023\/03\/ndChristomet-768x434.png 768w, https:\/\/www.amisdesjeuneschretiens.ovh\/wp-content\/uploads\/2023\/03\/ndChristomet.png 836w\" sizes=\"(max-width: 300px) 100vw, 300px\" \/>ue les travaux de transformation compl\u00e8te et surtout d\u2019agrandissement commenc\u00e8rent . Il fut inaugur\u00e9 par Mgr Eric Aum\u00f4nier, \u00e9v\u00eaque auxiliaire de Paris , le 31 octobre 1998 en pr\u00e9sence de plus de 200 personnes. Il a une capacit\u00e9 de 73 lits. Il sert aux s\u00e9jours d\u2019hiver et d\u2019\u00e9t\u00e9. Il est occup\u00e9 par d\u2019autres groupes ayant le m\u00eame but quand nous n\u2019y sommes pas.<\/p><p>\u00a0<\/p><p>\u00a0<\/p><p>\u00a0<\/p>\t\t\t\t\t<\/div>\n\t\t\t\t\t\n\t\t\t\t\t<div class=\"zeus-tab-title zeus-tab-mobile-title \" tabindex=\"4192\" data-tab=\"2\" role=\"tab\">\n\t\t\t\t\t\t\t\t\t\t\t\t\t<span class=\"zeus-icon-align-left\">\n\t\t\t\t\t\t\t\t<i aria-hidden=\"true\" class=\"\"><\/i>\t\t\t\t\t\t\t<\/span>\n\t\t\t\t\t\t\tB\u00e9n\u00e9diction de la chapelle\t\t\t\t\t<\/div>\n\n\t\t\t\t\t<div id=\"zeus-tab-content-2\" class=\"zeus-tab-content \" role=\"tabpanel\" aria-labelledby=\"zeus-tab-title-4192\">\n\t\t\t\t\t\t<h2>B\u00e9n\u00e9diction de la chapelle et<br \/>de l\u2019autel par Mgr Aum\u00f4nier<\/h2><p><img decoding=\"async\" class=\"size-medium wp-image-1681 alignright\" src=\"https:\/\/www.amisdesjeuneschretiens.ovh\/wp-content\/uploads\/2023\/03\/msgAumonier-196x300.png\" alt=\"\" width=\"196\" height=\"300\" srcset=\"https:\/\/www.amisdesjeuneschretiens.ovh\/wp-content\/uploads\/2023\/03\/msgAumonier-196x300.png 196w, https:\/\/www.amisdesjeuneschretiens.ovh\/wp-content\/uploads\/2023\/03\/msgAumonier.png 495w\" sizes=\"(max-width: 196px) 100vw, 196px\" \/>Seigneur notre Dieu, toi qui diriges et sanctifies ton Eglise, il convient que nous chantions la louange de ton Nom, puisqu&rsquo;aujourd&rsquo;hui le peuple de tes fid\u00e8les, dans une liturgie de f\u00eate, d\u00e9sire te consacrer pour toujours cette maison de pri\u00e8re o\u00f9 il viendra t&rsquo;adorer, s&rsquo;instruire de ta Parole et se nourrir des sacrements.<\/p><p>C&rsquo;est pourquoi nous te supplions humblement, Seigneur, du haut du ciel, r\u00e9pand ta b\u00e9n\u00e9diction sur cette chapelle que nous consacrons au C\u0153ur Immacul\u00e9 de Marie: qu&rsquo;elle soit \u00e0 tout jamais un lieu saint. Ici, P\u00e8re Tr\u00e8s Saint, que les flots de ta gr\u00e2ce recouvrent les fautes des hommes, afin que tes fils, morts au p\u00e9ch\u00e9, renaissent de la vie d&rsquo;en-haut. Ici, que tes fid\u00e8les, alentour de la table de l&rsquo;autel, c\u00e9l\u00e8brent le m\u00e9morial de la P\u00e2que et se nourrissent au Banquet de la Parole du Christ et de son Corps. Ici, que r\u00e9sonne en joyeuse offrande de louange la voix des hommes unie au ch\u0153ur des anges, et que monte vers Toi pour le salut du monde une incessante pri\u00e8re. Ici, que les pauvres rencontrent la mis\u00e9ricorde, que les opprim\u00e9s trouvent la vraie libert\u00e9, que tous les hommes retrouvent la dignit\u00e9 de tes fils, qu&rsquo;ils contemplent d&rsquo;ici ta cr\u00e9ation merveilleuse et les sommets de ces montagnes, dans l&rsquo;esp\u00e9rance de parvenir un jour, pleins de joie, \u00e0 la J\u00e9rusalem d&rsquo;en haut.<\/p><p><img decoding=\"async\" class=\"wp-image-1680 aligncenter\" src=\"https:\/\/www.amisdesjeuneschretiens.ovh\/wp-content\/uploads\/2023\/03\/sautlignePascal.png\" alt=\"\" width=\"34\" height=\"30\" \/><\/p><p><img loading=\"lazy\" decoding=\"async\" class=\"wp-image-1682 alignleft\" src=\"https:\/\/www.amisdesjeuneschretiens.ovh\/wp-content\/uploads\/2023\/03\/consecrationCombloux-235x300.png\" alt=\"\" width=\"206\" height=\"263\" srcset=\"https:\/\/www.amisdesjeuneschretiens.ovh\/wp-content\/uploads\/2023\/03\/consecrationCombloux-235x300.png 235w, https:\/\/www.amisdesjeuneschretiens.ovh\/wp-content\/uploads\/2023\/03\/consecrationCombloux.png 581w\" sizes=\"(max-width: 206px) 100vw, 206px\" \/><\/p><p>Regarde, Seigneur, cet autel que nous avons pr\u00e9par\u00e9 pour la c\u00e9l\u00e9bration de tes myst\u00e8res et que nous consacrons \u00e0 Saint Vincent de Paul : qu&rsquo;il soit le centre de notre louange et de notre action de gr\u00e2ce; qu&rsquo;il soit l&rsquo;autel o\u00f9 nous offrirons le sacrement du sacrifice du Christ; qu&rsquo;il soit la table o\u00f9 nous partageons le pain de vie, o\u00f9 nous boirons la coupe de l&rsquo;unit\u00e9; qu&rsquo;il soit la fontaine d&rsquo;o\u00f9 jaillira sans fin pour nous l&rsquo;eau du salut. Fais qu&rsquo;approchant du Christ, Pierre Vivante, nous devenions en Lui un temple saint, et que nous offrions sur l&rsquo;autel de notre c\u0153ur, \u00e0 la louange de ta gloire, le sacrifice spirituel d&rsquo;une vie qui te plaise.<\/p><p>\u00a0<\/p><p>\u00a0<\/p><p>\u00a0<\/p><p>\u00a0<\/p><p>\u00a0<\/p>\t\t\t\t\t<\/div>\n\t\t\t\t\t\n\t\t\t\t\t<div class=\"zeus-tab-title zeus-tab-mobile-title \" tabindex=\"4193\" data-tab=\"3\" role=\"tab\">\n\t\t\t\t\t\t\t\t\t\t\t\t\t<span class=\"zeus-icon-align-left\">\n\t\t\t\t\t\t\t\t<i aria-hidden=\"true\" class=\"\"><\/i>\t\t\t\t\t\t\t<\/span>\n\t\t\t\t\t\t\tB\u00e9n\u00e9diction de la cloche\t\t\t\t\t<\/div>\n\n\t\t\t\t\t<div id=\"zeus-tab-content-3\" class=\"zeus-tab-content \" role=\"tabpanel\" aria-labelledby=\"zeus-tab-title-4193\">\n\t\t\t\t\t\t<h2>B\u00e9n\u00e9diction de la cloche<\/h2><p><em><img loading=\"lazy\" decoding=\"async\" class=\"size-medium wp-image-1684 alignleft\" src=\"https:\/\/www.amisdesjeuneschretiens.ovh\/wp-content\/uploads\/2023\/03\/JBMaraineCloche-300x245.png\" alt=\"\" width=\"300\" height=\"245\" srcset=\"https:\/\/www.amisdesjeuneschretiens.ovh\/wp-content\/uploads\/2023\/03\/JBMaraineCloche-300x245.png 300w, https:\/\/www.amisdesjeuneschretiens.ovh\/wp-content\/uploads\/2023\/03\/JBMaraineCloche.png 408w\" sizes=\"(max-width: 300px) 100vw, 300px\" \/><\/em><\/p><p>Monition de l&rsquo;Ev\u00eaque<\/p><blockquote><p><em>Les pri\u00e8res et les chants qui accompagnent la b\u00e9n\u00e9diction d&rsquo;une cloche expriment admirablement la raison pour laquelle nous voulons la faire sonner&#8230; Ainsi en entendant la cloche, nous nous souviendrons que nous sommes une famille et en \u00e9coutant son appel, nous nous rassemblerons pour\u00a0<\/em><\/p><p><em>manifester notre unit\u00e9 dans le Christ.<\/em><\/p><\/blockquote><p>Parrain et marraine s&rsquo;avancent. L&rsquo;Ev\u00eaque les interroge :<\/p><blockquote><p><em>Marie-Violaine et Jean-Baptiste, quel nom voulez-vous donner \u00e0 cette cloche?<\/em><\/p><\/blockquote><p>Parrain, marraine :<\/p><blockquote><p><em>MARIE-SA\u00cfDA<\/em><\/p><\/blockquote><p>L&rsquo;Ev\u00eaque :<\/p><blockquote><p><em>Approchons-nous donc de MARIE-SA\u00cfDA pour demander \u00e0 Dieu de b\u00e9nir et consacrer cette cloche.<\/em><\/p><\/blockquote><p><em><img loading=\"lazy\" decoding=\"async\" class=\"size-medium wp-image-1683 alignright\" src=\"https:\/\/www.amisdesjeuneschretiens.ovh\/wp-content\/uploads\/2023\/03\/clocheCombloux-300x228.png\" alt=\"\" width=\"300\" height=\"228\" srcset=\"https:\/\/www.amisdesjeuneschretiens.ovh\/wp-content\/uploads\/2023\/03\/clocheCombloux-300x228.png 300w, https:\/\/www.amisdesjeuneschretiens.ovh\/wp-content\/uploads\/2023\/03\/clocheCombloux.png 670w\" sizes=\"(max-width: 300px) 100vw, 300px\" \/><\/em><\/p><p>L&rsquo;\u00e9v\u00eaque lave la cloche ext\u00e9rieurement et int\u00e9rieurement. Elle est ensuite essuy\u00e9e. Il la marque de 7 onctions \u00e0 l&rsquo;ext\u00e9rieur avec l&rsquo;Huile des Malades et de 4 onctions \u00e0 l&rsquo;int\u00e9rieur avec le Saint-Chr\u00eame. Il l\u2019encense, en fait le tour, puis m\u00e9lange encens et myrrhe dans le brasero qui se trouve sous la cloche.<\/p><p><i>\u00a0<\/i><\/p><p><em>Que MARIE-SA\u00cfDA chante d\u00e9sormais pour la gloire de Dieu et le salut de l&rsquo;Eglise.\u00a0<img loading=\"lazy\" decoding=\"async\" class=\"size-medium wp-image-1685 alignleft\" src=\"https:\/\/www.amisdesjeuneschretiens.ovh\/wp-content\/uploads\/2023\/03\/JBsurPapa-180x300.png\" alt=\"\" width=\"180\" height=\"300\" srcset=\"https:\/\/www.amisdesjeuneschretiens.ovh\/wp-content\/uploads\/2023\/03\/JBsurPapa-180x300.png 180w, https:\/\/www.amisdesjeuneschretiens.ovh\/wp-content\/uploads\/2023\/03\/JBsurPapa.png 350w\" sizes=\"(max-width: 180px) 100vw, 180px\" \/><\/em><\/p><p>Avec le battant, il la sonne doucement par trois fois, puis les parrain et marraine [Jean-Baptiste Gachignard et Marie-Violaine Serey] font de m\u00eame. La marraine l\u2019habille enfin de sa robe.<\/p><blockquote><p><em>Que sa sonnerie nous rappelle au long des jours Ta<\/em><br \/><em>pr\u00e9sence invisible parmi nous; qu&rsquo;elle soit l&rsquo;expression<\/em><br \/><em>vibrante de nos joies et de nos peines; qu&rsquo;elle chante<\/em><br \/><em>toujours \u00e0 la louange de Ta gloire et nous rappelle ces<\/em><br \/><em>mots que Tu nous as laiss\u00e9s et qu&rsquo;elle porte grav\u00e9s sur<\/em><br \/><em>elle : \u00a0\u00bb Je veux que vous soyez saint ! \u00ab\u00a0<\/em><\/p><\/blockquote><p>\u00a0<\/p>\t\t\t\t\t<\/div>\n\t\t\t\t\t\t\t\t<\/div>\n\t\t<\/div>\n\n\t\t\t\t\t\t<\/div>\n\t\t\t\t<\/div>\n\t\t\t\t\t<\/div>\n\t\t<\/div>\n\t\t\t\t\t<\/div>\n\t\t<\/section>\n\t\t\t\t<section class=\"elementor-section elementor-top-section elementor-element elementor-element-195d3bb elementor-section-boxed elementor-section-height-default elementor-section-height-default\" data-id=\"195d3bb\" data-element_type=\"section\" data-e-type=\"section\">\n\t\t\t\t\t\t<div class=\"elementor-container elementor-column-gap-default\">\n\t\t\t\t\t<div class=\"elementor-column elementor-col-50 elementor-top-column elementor-element elementor-element-30b259f\" data-id=\"30b259f\" data-element_type=\"column\" data-e-type=\"column\">\n\t\t\t<div class=\"elementor-widget-wrap elementor-element-populated\">\n\t\t\t\t\t\t<div class=\"elementor-element elementor-element-905d151 elementor-align-center elementor-widget elementor-widget-button\" data-id=\"905d151\" data-element_type=\"widget\" data-e-type=\"widget\" data-widget_type=\"button.default\">\n\t\t\t\t<div class=\"elementor-widget-container\">\n\t\t\t\t\t\t\t\t\t<div class=\"elementor-button-wrapper\">\n\t\t\t\t\t<a class=\"elementor-button elementor-button-link elementor-size-sm\" href=\"https:\/\/www.amisdesjeuneschretiens.ovh\/index.php\/les-maisons-de-ladjc\/\">\n\t\t\t\t\t\t<span class=\"elementor-button-content-wrapper\">\n\t\t\t\t\t\t\t\t\t<span class=\"elementor-button-text\">Retour vers la page des maisons<\/span>\n\t\t\t\t\t<\/span>\n\t\t\t\t\t<\/a>\n\t\t\t\t<\/div>\n\t\t\t\t\t\t\t\t<\/div>\n\t\t\t\t<\/div>\n\t\t\t\t\t<\/div>\n\t\t<\/div>\n\t\t\t\t<div class=\"elementor-column elementor-col-50 elementor-top-column elementor-element elementor-element-63cabf0\" data-id=\"63cabf0\" data-element_type=\"column\" data-e-type=\"column\">\n\t\t\t<div class=\"elementor-widget-wrap elementor-element-populated\">\n\t\t\t\t\t\t<div class=\"elementor-element elementor-element-fd4d23a elementor-align-center elementor-widget elementor-widget-button\" data-id=\"fd4d23a\" data-element_type=\"widget\" data-e-type=\"widget\" data-widget_type=\"button.default\">\n\t\t\t\t<div class=\"elementor-widget-container\">\n\t\t\t\t\t\t\t\t\t<div class=\"elementor-button-wrapper\">\n\t\t\t\t\t<a class=\"elementor-button elementor-button-link elementor-size-sm\" href=\"https:\/\/www.amisdesjeuneschretiens.ovh\/index.php\/2023\/03\/13\/les-gueniffets\/\">\n\t\t\t\t\t\t<span class=\"elementor-button-content-wrapper\">\n\t\t\t\t\t\t\t\t\t<span class=\"elementor-button-text\">Maison des demoiselles Guibert<\/span>\n\t\t\t\t\t<\/span>\n\t\t\t\t\t<\/a>\n\t\t\t\t<\/div>\n\t\t\t\t\t\t\t\t<\/div>\n\t\t\t\t<\/div>\n\t\t\t\t\t<\/div>\n\t\t<\/div>\n\t\t\t\t\t<\/div>\n\t\t<\/section>\n\t\t\t\t<\/div>\n\t\t","protected":false},"excerpt":{"rendered":"<p>Achet\u00e9 en 1992, alors que nous le louions depuis 1987, c\u2019est seulement le 12 d\u00e9cembre 1997 q<br \/>\nue les travaux de transformation compl\u00e8te et surtout d\u2019agrandissement commenc\u00e8rent . Il fut inaugur\u00e9 par Mgr Eric Aum\u00f4nier, \u00e9v\u00eaque auxiliaire de Paris , le 31 octobre 1998 en pr\u00e9sence de plus de 200 personnes. Il a une capacit\u00e9 de 73 lits. Il sert aux s\u00e9jours d\u2019hiver et d\u2019\u00e9t\u00e9. Il est occup\u00e9 par d\u2019autres groupes ayant le m\u00eame but quand nous n\u2019y sommes pas.<\/p>\n","protected":false},"author":2,"featured_media":141,"parent":0,"menu_order":0,"comment_status":"closed","ping_status":"closed","template":"elementor_header_footer","meta":{"footnotes":""},"folder":[157],"class_list":["post-1677","page","type-page","status-publish","has-post-thumbnail","hentry"],"jetpack_sharing_enabled":true,"_links":{"self":[{"href":"https:\/\/www.amisdesjeuneschretiens.ovh\/index.php\/wp-json\/wp\/v2\/pages\/1677","targetHints":{"allow":["GET"]}}],"collection":[{"href":"https:\/\/www.amisdesjeuneschretiens.ovh\/index.php\/wp-json\/wp\/v2\/pages"}],"about":[{"href":"https:\/\/www.amisdesjeuneschretiens.ovh\/index.php\/wp-json\/wp\/v2\/types\/page"}],"author":[{"embeddable":true,"href":"https:\/\/www.amisdesjeuneschretiens.ovh\/index.php\/wp-json\/wp\/v2\/users\/2"}],"replies":[{"embeddable":true,"href":"https:\/\/www.amisdesjeuneschretiens.ovh\/index.php\/wp-json\/wp\/v2\/comments?post=1677"}],"version-history":[{"count":41,"href":"https:\/\/www.amisdesjeuneschretiens.ovh\/index.php\/wp-json\/wp\/v2\/pages\/1677\/revisions"}],"predecessor-version":[{"id":1788,"href":"https:\/\/www.amisdesjeuneschretiens.ovh\/index.php\/wp-json\/wp\/v2\/pages\/1677\/revisions\/1788"}],"wp:featuredmedia":[{"embeddable":true,"href":"https:\/\/www.amisdesjeuneschretiens.ovh\/index.php\/wp-json\/wp\/v2\/media\/141"}],"wp:attachment":[{"href":"https:\/\/www.amisdesjeuneschretiens.ovh\/index.php\/wp-json\/wp\/v2\/media?parent=1677"}],"wp:term":[{"taxonomy":"folder","embeddable":true,"href":"https:\/\/www.amisdesjeuneschretiens.ovh\/index.php\/wp-json\/wp\/v2\/folder?post=1677"}],"curies":[{"name":"wp","href":"https:\/\/api.w.org\/{rel}","templated":true}]}}